{"id":23105,"date":"2024-12-04T17:09:31","date_gmt":"2024-12-04T14:09:31","guid":{"rendered":"https:\/\/www.esteworldturkey.com\/galeria-de-videos\/"},"modified":"2025-11-13T16:08:04","modified_gmt":"2025-11-13T13:08:04","slug":"galeria-de-videos","status":"publish","type":"page","link":"https:\/\/www.esteworldturkey.com\/es\/galeria-de-videos\/","title":{"rendered":"Galer\u00eda de v\u00eddeos"},"content":{"rendered":"\t\t<div data-elementor-type=\"wp-page\" data-elementor-id=\"23105\" class=\"elementor elementor-23105 elementor-18136\" data-elementor-post-type=\"page\">\n\t\t\t\t<div class=\"elementor-element elementor-element-218fd5f e-con-full e-flex e-con e-parent\" data-id=\"218fd5f\" data-element_type=\"container\" data-e-type=\"container\" data-settings=\"{&quot;background_background&quot;:&quot;classic&quot;}\">\n\t\t<div class=\"elementor-element elementor-element-6fd42b0 e-con-full e-flex e-con e-child\" data-id=\"6fd42b0\" data-element_type=\"container\" data-e-type=\"container\" data-settings=\"{&quot;background_background&quot;:&quot;classic&quot;}\">\n\t\t\t\t<div class=\"elementor-element elementor-element-3bbab6e elementor-widget elementor-widget-template\" data-id=\"3bbab6e\" data-element_type=\"widget\" data-e-type=\"widget\" data-widget_type=\"template.default\">\n\t\t\t\t<div class=\"elementor-widget-container\">\n\t\t\t\t\t\t\t<div class=\"elementor-template\">\n\t\t\t\t\t<div data-elementor-type=\"container\" data-elementor-id=\"2102\" class=\"elementor elementor-2102\" data-elementor-post-type=\"elementor_library\">\n\t\t\t\t<div class=\"elementor-element elementor-element-3fa6a7b e-con-full bg-blur30 e-flex e-con e-child\" data-id=\"3fa6a7b\" data-element_type=\"container\" data-e-type=\"container\" data-settings=\"{&quot;background_background&quot;:&quot;classic&quot;}\">\n\t\t<div class=\"elementor-element elementor-element-8bf7a44 e-flex e-con-boxed e-con e-child\" data-id=\"8bf7a44\" data-element_type=\"container\" data-e-type=\"container\">\n\t\t\t\t\t<div class=\"e-con-inner\">\n\t\t\t\t<div class=\"elementor-element elementor-element-52b1a1cf elementor-align-left elementor-widget elementor-widget-breadcrumbs\" data-id=\"52b1a1cf\" data-element_type=\"widget\" data-e-type=\"widget\" data-widget_type=\"breadcrumbs.default\">\n\t\t\t\t<div class=\"elementor-widget-container\">\n\t\t\t\t\t<nav aria-label=\"breadcrumbs\" class=\"rank-math-breadcrumb\"><p><span class=\"last\">Casa<\/span><\/p><\/nav>\t\t\t\t<\/div>\n\t\t\t\t<\/div>\n\t\t\t\t\t<\/div>\n\t\t\t\t<\/div>\n\t\t\t\t<\/div>\n\t\t\t\t<\/div>\n\t\t\t\t<\/div>\n\t\t\t\t\t\t<\/div>\n\t\t\t\t<\/div>\n\t\t\t\t<\/div>\n\t\t<div class=\"elementor-element elementor-element-dfbc3f1 e-flex e-con-boxed e-con e-child\" data-id=\"dfbc3f1\" data-element_type=\"container\" data-e-type=\"container\">\n\t\t\t\t\t<div class=\"e-con-inner\">\n\t\t\t\t<div class=\"elementor-element elementor-element-1aa669f elementor-widget elementor-widget-heading\" data-id=\"1aa669f\" data-element_type=\"widget\" data-e-type=\"widget\" data-widget_type=\"heading.default\">\n\t\t\t\t<div class=\"elementor-widget-container\">\n\t\t\t\t\t<h1 class=\"elementor-heading-title elementor-size-default\">GALER\u00cdA DE V\u00cdDEOS<\/h1>\t\t\t\t<\/div>\n\t\t\t\t<\/div>\n\t\t\t\t\t<\/div>\n\t\t\t\t<\/div>\n\t\t\t\t<\/div>\n\t\t<div class=\"elementor-element elementor-element-1f4afc1 e-flex e-con-boxed e-con e-parent\" data-id=\"1f4afc1\" data-element_type=\"container\" data-e-type=\"container\">\n\t\t\t\t\t<div class=\"e-con-inner\">\n\t\t\t\t<div class=\"elementor-element elementor-element-ea3b11a elementor-widget elementor-widget-shortcode\" data-id=\"ea3b11a\" data-element_type=\"widget\" data-e-type=\"widget\" data-widget_type=\"shortcode.default\">\n\t\t\t\t<div class=\"elementor-widget-container\">\n\t\t\t\t\t\t\t<div class=\"elementor-shortcode\"><div class=\"video-list\"><div class=\"video-item\"><div class=\"video-container no-cover\"><iframe title=\"Esteworld - Atasever Bar\u0131\u015f Ayd\u0131n  - Hair Transplant - ES\" width=\"400\" height=\"225\" src=\"https:\/\/www.youtube.com\/embed\/1WtblxRde7w?feature=oembed\" frameborder=\"0\" allow=\"accelerometer; autoplay; clipboard-write; encrypted-media; gyroscope; picture-in-picture; web-share\" referrerpolicy=\"strict-origin-when-cross-origin\" allowfullscreen><\/iframe><\/div><\/div><div class=\"video-item\"><div class=\"video-container no-cover\"><iframe title=\"Esteworld - Beard Transplant to Treat Beard Loss - CNN T\u00fcrk - ES\" width=\"400\" height=\"225\" src=\"https:\/\/www.youtube.com\/embed\/neQQDYURNsg?feature=oembed\" frameborder=\"0\" allow=\"accelerometer; autoplay; clipboard-write; encrypted-media; gyroscope; picture-in-picture; web-share\" referrerpolicy=\"strict-origin-when-cross-origin\" allowfullscreen><\/iframe><\/div><\/div><div class=\"video-item\"><div class=\"video-container no-cover\"><iframe title=\"Esteworld - Breast Surgery - Dr  K\u0131van\u00e7 Emre Davun - ES\" width=\"400\" height=\"225\" src=\"https:\/\/www.youtube.com\/embed\/HtwyC6PnFlY?feature=oembed\" frameborder=\"0\" allow=\"accelerometer; autoplay; clipboard-write; encrypted-media; gyroscope; picture-in-picture; web-share\" referrerpolicy=\"strict-origin-when-cross-origin\" allowfullscreen><\/iframe><\/div><\/div><div class=\"video-item\"><div class=\"video-container no-cover\"><iframe title=\"Esteworld - CNN T\u00fcrk - Eyebrow Transplantation - ES\" width=\"400\" height=\"225\" src=\"https:\/\/www.youtube.com\/embed\/e8lZ3z-UTAg?feature=oembed\" frameborder=\"0\" allow=\"accelerometer; autoplay; clipboard-write; encrypted-media; gyroscope; picture-in-picture; web-share\" referrerpolicy=\"strict-origin-when-cross-origin\" allowfullscreen><\/iframe><\/div><\/div><div class=\"video-item\"><div class=\"video-container no-cover\"><iframe title=\"Esteworld - CNN Turk - Dr  Burak Tuncer - ES\" width=\"400\" height=\"225\" src=\"https:\/\/www.youtube.com\/embed\/OfJu9-DtbH0?feature=oembed\" frameborder=\"0\" allow=\"accelerometer; autoplay; clipboard-write; encrypted-media; gyroscope; picture-in-picture; web-share\" referrerpolicy=\"strict-origin-when-cross-origin\" allowfullscreen><\/iframe><\/div><\/div><div class=\"video-item\"><div class=\"video-container no-cover\"><iframe title=\"Esteworld - Dr  Burak Tuncer - Hair Transplant - Yunus Y\u0131lmaz - ES\" width=\"400\" height=\"225\" src=\"https:\/\/www.youtube.com\/embed\/kfrZsr7M8a8?feature=oembed\" frameborder=\"0\" allow=\"accelerometer; autoplay; clipboard-write; encrypted-media; gyroscope; picture-in-picture; web-share\" referrerpolicy=\"strict-origin-when-cross-origin\" allowfullscreen><\/iframe><\/div><\/div><div class=\"video-item\"><div class=\"video-container no-cover\"><iframe title=\"Esteworld - Growth Factor Against Hair Loss - ES\" width=\"400\" height=\"225\" src=\"https:\/\/www.youtube.com\/embed\/x3litK0c5Dw?feature=oembed\" frameborder=\"0\" allow=\"accelerometer; autoplay; clipboard-write; encrypted-media; gyroscope; picture-in-picture; web-share\" referrerpolicy=\"strict-origin-when-cross-origin\" allowfullscreen><\/iframe><\/div><\/div><div class=\"video-item\"><div class=\"video-container no-cover\"><iframe title=\"Esteworld - Nose Job - Dr  K\u0131van\u00e7 Emre Davun - ES\" width=\"400\" height=\"225\" src=\"https:\/\/www.youtube.com\/embed\/Jd2lpfPbt7k?feature=oembed\" frameborder=\"0\" allow=\"accelerometer; autoplay; clipboard-write; encrypted-media; gyroscope; picture-in-picture; web-share\" referrerpolicy=\"strict-origin-when-cross-origin\" allowfullscreen><\/iframe><\/div><\/div><div class=\"video-item\"><div class=\"video-container no-cover\"><iframe title=\"Esteworld - Rhinoplasty Surgery - ES\" width=\"400\" height=\"225\" src=\"https:\/\/www.youtube.com\/embed\/VPfmaPbW-NA?feature=oembed\" frameborder=\"0\" allow=\"accelerometer; autoplay; clipboard-write; encrypted-media; gyroscope; picture-in-picture; web-share\" referrerpolicy=\"strict-origin-when-cross-origin\" allowfullscreen><\/iframe><\/div><\/div><div class=\"video-item\"><div class=\"video-container no-cover\"><iframe title=\"Esteworld - The Role of Stem Cells in Hair Transplantation - ES\" width=\"400\" height=\"225\" src=\"https:\/\/www.youtube.com\/embed\/bXN6_Z2eHDY?feature=oembed\" frameborder=\"0\" allow=\"accelerometer; autoplay; clipboard-write; encrypted-media; gyroscope; picture-in-picture; web-share\" referrerpolicy=\"strict-origin-when-cross-origin\" allowfullscreen><\/iframe><\/div><\/div><div class=\"video-item\"><div class=\"video-container no-cover\"><iframe title=\"Esteworld - What is Smile Design and How is It Done - \u0130\u015fin Uzman\u0131 - ES\" width=\"400\" height=\"225\" src=\"https:\/\/www.youtube.com\/embed\/4daRP4SMCq4?feature=oembed\" frameborder=\"0\" allow=\"accelerometer; autoplay; clipboard-write; encrypted-media; gyroscope; picture-in-picture; web-share\" referrerpolicy=\"strict-origin-when-cross-origin\" allowfullscreen><\/iframe><\/div><\/div><div class=\"video-item\"><div class=\"video-container no-cover\"><iframe title=\"Esteworld Dental Lab | Smile Design\" width=\"400\" height=\"225\" src=\"https:\/\/www.youtube.com\/embed\/WtEqiCp7o1w?feature=oembed\" frameborder=\"0\" allow=\"accelerometer; autoplay; clipboard-write; encrypted-media; gyroscope; picture-in-picture; web-share\" referrerpolicy=\"strict-origin-when-cross-origin\" allowfullscreen><\/iframe><\/div><\/div><div class=\"video-item\"><div class=\"video-container no-cover\"><iframe title=\"Rhinoplasty Check- Up Day\" width=\"400\" height=\"225\" src=\"https:\/\/www.youtube.com\/embed\/-i5GaBUtg34?feature=oembed\" frameborder=\"0\" allow=\"accelerometer; autoplay; clipboard-write; encrypted-media; gyroscope; picture-in-picture; web-share\" referrerpolicy=\"strict-origin-when-cross-origin\" allowfullscreen><\/iframe><\/div><\/div><div class=\"video-item\"><div class=\"video-container no-cover\"><iframe title=\"Esteworld - Smile Design and  Dental Treatments - Jennelee Frisk - ES\" width=\"400\" height=\"225\" src=\"https:\/\/www.youtube.com\/embed\/Q3M5GzlIzto?feature=oembed\" frameborder=\"0\" allow=\"accelerometer; autoplay; clipboard-write; encrypted-media; gyroscope; picture-in-picture; web-share\" referrerpolicy=\"strict-origin-when-cross-origin\" allowfullscreen><\/iframe><\/div><\/div><div class=\"video-item\"><div class=\"video-container no-cover\"><iframe title=\"Esteworld - Valeria Romanova - Plastic Surgery Process - ES\" width=\"400\" height=\"225\" src=\"https:\/\/www.youtube.com\/embed\/IxRfO-0xR2Q?feature=oembed\" frameborder=\"0\" allow=\"accelerometer; autoplay; clipboard-write; encrypted-media; gyroscope; picture-in-picture; web-share\" referrerpolicy=\"strict-origin-when-cross-origin\" allowfullscreen><\/iframe><\/div><\/div><div class=\"video-item\"><div class=\"video-container no-cover\"><iframe title=\"ZIRCONIUM CROWNS \ud83e\uddb7\" width=\"400\" height=\"225\" src=\"https:\/\/www.youtube.com\/embed\/G5cHiJesOxg?feature=oembed\" frameborder=\"0\" allow=\"accelerometer; autoplay; clipboard-write; encrypted-media; gyroscope; picture-in-picture; web-share\" referrerpolicy=\"strict-origin-when-cross-origin\" allowfullscreen><\/iframe><\/div><\/div><\/div>        <script>\n          document.addEventListener('DOMContentLoaded', function(){\n            document.querySelectorAll('.video-container.has-cover').forEach(function(el){\n              el.addEventListener('click', function(){\n                const src = el.getAttribute('data-video');\n                const iframe = document.createElement('iframe');\n                iframe.setAttribute('src', src);\n                iframe.setAttribute('frameborder','0');\n                iframe.setAttribute('allow','accelerometer; autoplay; clipboard-write; encrypted-media; gyroscope; picture-in-picture; web-share');\n                iframe.setAttribute('allowfullscreen','true');\n                iframe.style.width = '100%';\n                iframe.style.height = '225px';\n                iframe.style.borderRadius = '10px';\n                el.innerHTML = '';\n                el.appendChild(iframe);\n              });\n            });\n          });\n        <\/script>\n        \n<\/div>\n\t\t\t\t\t\t<\/div>\n\t\t\t\t<\/div>\n\t\t\t\t\t<\/div>\n\t\t\t\t<\/div>\n\t\t<div class=\"elementor-element elementor-element-3b847a5 e-flex e-con-boxed e-con e-parent\" data-id=\"3b847a5\" data-element_type=\"container\" data-e-type=\"container\" data-settings=\"{&quot;background_background&quot;:&quot;classic&quot;}\">\n\t\t\t\t\t<div class=\"e-con-inner\">\n\t\t\t\t<div class=\"elementor-element elementor-element-8e756da elementor-widget__width-inherit elementor-widget elementor-widget-template\" data-id=\"8e756da\" data-element_type=\"widget\" data-e-type=\"widget\" data-widget_type=\"template.default\">\n\t\t\t\t<div class=\"elementor-widget-container\">\n\t\t\t\t\t\t\t<div class=\"elementor-template\">\n\t\t\t\t\t<div data-elementor-type=\"container\" data-elementor-id=\"23280\" class=\"elementor elementor-23280 elementor-1670 elementor-1670\" data-elementor-post-type=\"elementor_library\">\n\t\t\t\t<div class=\"elementor-element elementor-element-e16f76f e-flex e-con-boxed e-con e-parent\" data-id=\"e16f76f\" data-element_type=\"container\" data-e-type=\"container\" data-settings=\"{&quot;background_background&quot;:&quot;classic&quot;}\">\n\t\t\t\t\t<div class=\"e-con-inner\">\n\t\t<div class=\"elementor-element elementor-element-f5d1b74 e-con-full e-flex e-con e-child\" data-id=\"f5d1b74\" data-element_type=\"container\" data-e-type=\"container\">\n\t\t\t\t<div class=\"elementor-element elementor-element-0dc8ac3 elementor-widget elementor-widget-image\" data-id=\"0dc8ac3\" data-element_type=\"widget\" data-e-type=\"widget\" data-widget_type=\"image.default\">\n\t\t\t\t<div class=\"elementor-widget-container\">\n\t\t\t\t\t\t\t\t\t\t\t\t\t\t\t<img decoding=\"async\" width=\"339\" height=\"29\" src=\"https:\/\/www.esteworldturkey.com\/wp-content\/uploads\/2023\/12\/gt-vector.svg\" class=\"attachment-large size-large wp-image-667\" alt=\"\" title=\"\">\t\t\t\t\t\t\t\t\t\t\t\t\t\t\t<\/div>\n\t\t\t\t<\/div>\n\t\t\t\t<div class=\"elementor-element elementor-element-16725bd elementor-widget elementor-widget-heading\" data-id=\"16725bd\" data-element_type=\"widget\" data-e-type=\"widget\" data-widget_type=\"heading.default\">\n\t\t\t\t<div class=\"elementor-widget-container\">\n\t\t\t\t\t<h2 class=\"elementor-heading-title elementor-size-default\">HOSPITAL QUE TE HACE SONRE\u00cdR<\/h2>\t\t\t\t<\/div>\n\t\t\t\t<\/div>\n\t\t\t\t<div class=\"elementor-element elementor-element-c3ab27b elementor-widget elementor-widget-heading\" data-id=\"c3ab27b\" data-element_type=\"widget\" data-e-type=\"widget\" data-widget_type=\"heading.default\">\n\t\t\t\t<div class=\"elementor-widget-container\">\n\t\t\t\t\t<span class=\"elementor-heading-title elementor-size-default\">Prestamos servicios de alto nivel m\u00e9dico; ofrecemos soluciones en el campo del trasplante capilar, la cirug\u00eda pl\u00e1stica, la longevidad, la est\u00e9tica dental y m\u00e9dica con nuestro personal experto.<\/span>\t\t\t\t<\/div>\n\t\t\t\t<\/div>\n\t\t\t\t<div class=\"elementor-element elementor-element-70d6bf4 elementor-widget elementor-widget-button\" data-id=\"70d6bf4\" data-element_type=\"widget\" data-e-type=\"widget\" data-widget_type=\"button.default\">\n\t\t\t\t<div class=\"elementor-widget-container\">\n\t\t\t\t\t\t\t\t\t<div class=\"elementor-button-wrapper\">\n\t\t\t\t\t<a class=\"elementor-button elementor-button-link elementor-size-sm\" href=\"https:\/\/www.esteworldturkey.com\/es\/cita\/\">\n\t\t\t\t\t\t<span class=\"elementor-button-content-wrapper\">\n\t\t\t\t\t\t<span class=\"elementor-button-icon\">\n\t\t\t\t<svg aria-hidden=\"true\" class=\"e-font-icon-svg e-fas-arrow-right\" viewBox=\"0 0 448 512\" xmlns=\"http:\/\/www.w3.org\/2000\/svg\"><path d=\"M190.5 66.9l22.2-22.2c9.4-9.4 24.6-9.4 33.9 0L441 239c9.4 9.4 9.4 24.6 0 33.9L246.6 467.3c-9.4 9.4-24.6 9.4-33.9 0l-22.2-22.2c-9.5-9.5-9.3-25 .4-34.3L311.4 296H24c-13.3 0-24-10.7-24-24v-32c0-13.3 10.7-24 24-24h287.4L190.9 101.2c-9.8-9.3-10-24.8-.4-34.3z\"><\/path><\/svg>\t\t\t<\/span>\n\t\t\t\t\t\t\t\t\t<span class=\"elementor-button-text\">Concierte una cita gratuita<\/span>\n\t\t\t\t\t<\/span>\n\t\t\t\t\t<\/a>\n\t\t\t\t<\/div>\n\t\t\t\t\t\t\t\t<\/div>\n\t\t\t\t<\/div>\n\t\t\t\t<\/div>\n\t\t<div class=\"elementor-element elementor-element-c8ac74f e-con-full e-flex e-con e-child\" data-id=\"c8ac74f\" data-element_type=\"container\" data-e-type=\"container\">\n\t\t\t\t<div class=\"elementor-element elementor-element-5f11a9c elementor-widget elementor-widget-image\" data-id=\"5f11a9c\" data-element_type=\"widget\" data-e-type=\"widget\" data-widget_type=\"image.default\">\n\t\t\t\t<div class=\"elementor-widget-container\">\n\t\t\t\t\t\t\t\t\t\t\t\t\t\t\t<img fetchpriority=\"high\" decoding=\"async\" width=\"800\" height=\"477\" src=\"https:\/\/www.esteworldturkey.com\/wp-content\/uploads\/2024\/01\/ygh-1-1024x610.png\" class=\"attachment-large size-large wp-image-23283\" alt=\"\" srcset=\"https:\/\/www.esteworldturkey.com\/wp-content\/uploads\/2024\/01\/ygh-1-1024x610.png 1024w, https:\/\/www.esteworldturkey.com\/wp-content\/uploads\/2024\/01\/ygh-1-300x179.png 300w, https:\/\/www.esteworldturkey.com\/wp-content\/uploads\/2024\/01\/ygh-1-768x458.png 768w, https:\/\/www.esteworldturkey.com\/wp-content\/uploads\/2024\/01\/ygh-1.png 1049w\" sizes=\"(max-width: 800px) 100vw, 800px\" title=\"\">\t\t\t\t\t\t\t\t\t\t\t\t\t\t\t<\/div>\n\t\t\t\t<\/div>\n\t\t\t\t<\/div>\n\t\t\t\t\t<\/div>\n\t\t\t\t<\/div>\n\t\t\t\t<\/div>\n\t\t\t\t<\/div>\n\t\t\t\t\t\t<\/div>\n\t\t\t\t<\/div>\n\t\t\t\t\t<\/div>\n\t\t\t\t<\/div>\n\t\t\t\t<\/div>\n\t\t","protected":false},"excerpt":{"rendered":"<p>GALER\u00cdA DE V\u00cdDEOS<\/p>\n","protected":false},"author":8,"featured_media":0,"parent":0,"menu_order":0,"comment_status":"closed","ping_status":"closed","template":"elementor_header_footer","meta":{"_acf_changed":false,"footnotes":""},"class_list":["post-23105","page","type-page","status-publish","hentry"],"acf":[],"_links":{"self":[{"href":"https:\/\/www.esteworldturkey.com\/es\/wp-json\/wp\/v2\/pages\/23105","targetHints":{"allow":["GET"]}}],"collection":[{"href":"https:\/\/www.esteworldturkey.com\/es\/wp-json\/wp\/v2\/pages"}],"about":[{"href":"https:\/\/www.esteworldturkey.com\/es\/wp-json\/wp\/v2\/types\/page"}],"author":[{"embeddable":true,"href":"https:\/\/www.esteworldturkey.com\/es\/wp-json\/wp\/v2\/users\/8"}],"replies":[{"embeddable":true,"href":"https:\/\/www.esteworldturkey.com\/es\/wp-json\/wp\/v2\/comments?post=23105"}],"version-history":[{"count":3,"href":"https:\/\/www.esteworldturkey.com\/es\/wp-json\/wp\/v2\/pages\/23105\/revisions"}],"predecessor-version":[{"id":35628,"href":"https:\/\/www.esteworldturkey.com\/es\/wp-json\/wp\/v2\/pages\/23105\/revisions\/35628"}],"wp:attachment":[{"href":"https:\/\/www.esteworldturkey.com\/es\/wp-json\/wp\/v2\/media?parent=23105"}],"curies":[{"name":"wp","href":"https:\/\/api.w.org\/{rel}","templated":true}]}}