{"id":20190,"date":"2024-12-04T17:09:31","date_gmt":"2024-12-04T14:09:31","guid":{"rendered":"https:\/\/www.esteworldturkey.com\/video-galerie\/"},"modified":"2025-11-12T14:17:10","modified_gmt":"2025-11-12T11:17:10","slug":"video-galerie","status":"publish","type":"page","link":"https:\/\/www.esteworldturkey.com\/de\/video-galerie\/","title":{"rendered":"Video-Galerie"},"content":{"rendered":"\t\t<div data-elementor-type=\"wp-page\" data-elementor-id=\"20190\" class=\"elementor elementor-20190 elementor-18136\" data-elementor-post-type=\"page\">\n\t\t\t\t<div class=\"elementor-element elementor-element-218fd5f e-con-full e-flex e-con e-parent\" data-id=\"218fd5f\" data-element_type=\"container\" data-e-type=\"container\" data-settings=\"{&quot;background_background&quot;:&quot;classic&quot;}\">\n\t\t<div class=\"elementor-element elementor-element-6fd42b0 e-con-full e-flex e-con e-child\" data-id=\"6fd42b0\" data-element_type=\"container\" data-e-type=\"container\" data-settings=\"{&quot;background_background&quot;:&quot;classic&quot;}\">\n\t\t\t\t<div class=\"elementor-element elementor-element-3bbab6e elementor-widget elementor-widget-template\" data-id=\"3bbab6e\" data-element_type=\"widget\" data-e-type=\"widget\" data-widget_type=\"template.default\">\n\t\t\t\t<div class=\"elementor-widget-container\">\n\t\t\t\t\t\t\t<div class=\"elementor-template\">\n\t\t\t\t\t<div data-elementor-type=\"container\" data-elementor-id=\"35141\" class=\"elementor elementor-35141 elementor-13246 elementor-13246\" data-elementor-post-type=\"elementor_library\">\n\t\t\t\t<div class=\"elementor-element elementor-element-3fa6a7b e-con-full bg-blur30 e-flex e-con e-child\" data-id=\"3fa6a7b\" data-element_type=\"container\" data-e-type=\"container\" data-settings=\"{&quot;background_background&quot;:&quot;classic&quot;}\">\n\t\t<div class=\"elementor-element elementor-element-8bf7a44 e-flex e-con-boxed e-con e-child\" data-id=\"8bf7a44\" data-element_type=\"container\" data-e-type=\"container\">\n\t\t\t\t\t<div class=\"e-con-inner\">\n\t\t\t\t<div class=\"elementor-element elementor-element-9159d17 elementor-align-left elementor-widget elementor-widget-breadcrumbs\" data-id=\"9159d17\" data-element_type=\"widget\" data-e-type=\"widget\" data-widget_type=\"breadcrumbs.default\">\n\t\t\t\t<div class=\"elementor-widget-container\">\n\t\t\t\t\t<nav aria-label=\"breadcrumbs\" class=\"rank-math-breadcrumb\"><p><span class=\"last\">Startseite<\/span><\/p><\/nav>\t\t\t\t<\/div>\n\t\t\t\t<\/div>\n\t\t\t\t\t<\/div>\n\t\t\t\t<\/div>\n\t\t\t\t<\/div>\n\t\t\t\t<\/div>\n\t\t\t\t<\/div>\n\t\t\t\t\t\t<\/div>\n\t\t\t\t<\/div>\n\t\t\t\t<\/div>\n\t\t<div class=\"elementor-element elementor-element-dfbc3f1 e-flex e-con-boxed e-con e-child\" data-id=\"dfbc3f1\" data-element_type=\"container\" data-e-type=\"container\">\n\t\t\t\t\t<div class=\"e-con-inner\">\n\t\t\t\t<div class=\"elementor-element elementor-element-1aa669f elementor-widget elementor-widget-heading\" data-id=\"1aa669f\" data-element_type=\"widget\" data-e-type=\"widget\" data-widget_type=\"heading.default\">\n\t\t\t\t<div class=\"elementor-widget-container\">\n\t\t\t\t\t<h1 class=\"elementor-heading-title elementor-size-default\">VIDEO-GALERIE<\/h1>\t\t\t\t<\/div>\n\t\t\t\t<\/div>\n\t\t\t\t\t<\/div>\n\t\t\t\t<\/div>\n\t\t\t\t<\/div>\n\t\t<div class=\"elementor-element elementor-element-6bf125d e-flex e-con-boxed e-con e-parent\" data-id=\"6bf125d\" data-element_type=\"container\" data-e-type=\"container\">\n\t\t\t\t\t<div class=\"e-con-inner\">\n\t\t\t\t<div class=\"elementor-element elementor-element-b2cff7a elementor-widget elementor-widget-shortcode\" data-id=\"b2cff7a\" data-element_type=\"widget\" data-e-type=\"widget\" data-widget_type=\"shortcode.default\">\n\t\t\t\t<div class=\"elementor-widget-container\">\n\t\t\t\t\t\t\t<div class=\"elementor-shortcode\"><div class=\"video-list\"><div class=\"video-item\"><div class=\"video-container no-cover\"><iframe title=\"Esteworld - Beard Transplant to Treat Beard Loss - CNN T\u00fcrk - DE\" width=\"400\" height=\"225\" src=\"https:\/\/www.youtube.com\/embed\/wIKXhbI3NZA?feature=oembed\" frameborder=\"0\" allow=\"accelerometer; autoplay; clipboard-write; encrypted-media; gyroscope; picture-in-picture; web-share\" referrerpolicy=\"strict-origin-when-cross-origin\" allowfullscreen><\/iframe><\/div><\/div><div class=\"video-item\"><div class=\"video-container no-cover\"><iframe title=\"Esteworld - Breast Surgery  Dr  K\u0131van\u00e7 Emre Davun - DE\" width=\"400\" height=\"225\" src=\"https:\/\/www.youtube.com\/embed\/sb06Kv4pK2M?feature=oembed\" frameborder=\"0\" allow=\"accelerometer; autoplay; clipboard-write; encrypted-media; gyroscope; picture-in-picture; web-share\" referrerpolicy=\"strict-origin-when-cross-origin\" allowfullscreen><\/iframe><\/div><\/div><div class=\"video-item\"><div class=\"video-container no-cover\"><iframe title=\"Esteworld - CNN T\u00fcrk - Causes and Treatment of Hair Loss - DE\" width=\"400\" height=\"225\" src=\"https:\/\/www.youtube.com\/embed\/WKWtPf9UFcg?feature=oembed\" frameborder=\"0\" allow=\"accelerometer; autoplay; clipboard-write; encrypted-media; gyroscope; picture-in-picture; web-share\" referrerpolicy=\"strict-origin-when-cross-origin\" allowfullscreen><\/iframe><\/div><\/div><div class=\"video-item\"><div class=\"video-container no-cover\"><iframe title=\"Esteworld - CNN T\u00fcrk - Eyebrow Transplantation - DE\" width=\"400\" height=\"225\" src=\"https:\/\/www.youtube.com\/embed\/uE_esX5EZl8?feature=oembed\" frameborder=\"0\" allow=\"accelerometer; autoplay; clipboard-write; encrypted-media; gyroscope; picture-in-picture; web-share\" referrerpolicy=\"strict-origin-when-cross-origin\" allowfullscreen><\/iframe><\/div><\/div><div class=\"video-item\"><div class=\"video-container no-cover\"><iframe title=\"Esteworld - CNN Turk - Dr  Burak Tuncer - DE\" width=\"400\" height=\"225\" src=\"https:\/\/www.youtube.com\/embed\/uoVAOonIqGw?feature=oembed\" frameborder=\"0\" allow=\"accelerometer; autoplay; clipboard-write; encrypted-media; gyroscope; picture-in-picture; web-share\" referrerpolicy=\"strict-origin-when-cross-origin\" allowfullscreen><\/iframe><\/div><\/div><div class=\"video-item\"><div class=\"video-container no-cover\"><iframe title=\"Esteworld - Dr  Burak Tuncer - Hair Transplant  - Yunus Y\u0131lmaz DE\" width=\"400\" height=\"225\" src=\"https:\/\/www.youtube.com\/embed\/LV4YFI-rAsE?feature=oembed\" frameborder=\"0\" allow=\"accelerometer; autoplay; clipboard-write; encrypted-media; gyroscope; picture-in-picture; web-share\" referrerpolicy=\"strict-origin-when-cross-origin\" allowfullscreen><\/iframe><\/div><\/div><div class=\"video-item\"><div class=\"video-container no-cover\"><iframe title=\"Esteworld - Growth Factor Against Hair Loss - DE\" width=\"400\" height=\"225\" src=\"https:\/\/www.youtube.com\/embed\/oSkcenHomyM?feature=oembed\" frameborder=\"0\" allow=\"accelerometer; autoplay; clipboard-write; encrypted-media; gyroscope; picture-in-picture; web-share\" referrerpolicy=\"strict-origin-when-cross-origin\" allowfullscreen><\/iframe><\/div><\/div><div class=\"video-item\"><div class=\"video-container no-cover\"><iframe title=\"Esteworld - Nose Job - Dr  K\u0131van\u00e7 Emre Davun - DE\" width=\"400\" height=\"225\" src=\"https:\/\/www.youtube.com\/embed\/_SxTDzdov5M?feature=oembed\" frameborder=\"0\" allow=\"accelerometer; autoplay; clipboard-write; encrypted-media; gyroscope; picture-in-picture; web-share\" referrerpolicy=\"strict-origin-when-cross-origin\" allowfullscreen><\/iframe><\/div><\/div><div class=\"video-item\"><div class=\"video-container no-cover\"><iframe title=\"Esteworld - Rhinoplasty Surgery - DE\" width=\"400\" height=\"225\" src=\"https:\/\/www.youtube.com\/embed\/npHQWQzTx50?feature=oembed\" frameborder=\"0\" allow=\"accelerometer; autoplay; clipboard-write; encrypted-media; gyroscope; picture-in-picture; web-share\" referrerpolicy=\"strict-origin-when-cross-origin\" allowfullscreen><\/iframe><\/div><\/div><div class=\"video-item\"><div class=\"video-container no-cover\"><iframe title=\"Esteworld - The Role of Stem Cells in Hair Transplantation - DE\" width=\"400\" height=\"225\" src=\"https:\/\/www.youtube.com\/embed\/lapyU5s8R7c?feature=oembed\" frameborder=\"0\" allow=\"accelerometer; autoplay; clipboard-write; encrypted-media; gyroscope; picture-in-picture; web-share\" referrerpolicy=\"strict-origin-when-cross-origin\" allowfullscreen><\/iframe><\/div><\/div><div class=\"video-item\"><div class=\"video-container no-cover\"><iframe title=\"Esteworld - What is Smile Design and How is It Done - \u0130\u015fin Uzman\u0131 - DE\" width=\"400\" height=\"225\" src=\"https:\/\/www.youtube.com\/embed\/z1RxYohJE-Q?feature=oembed\" frameborder=\"0\" allow=\"accelerometer; autoplay; clipboard-write; encrypted-media; gyroscope; picture-in-picture; web-share\" referrerpolicy=\"strict-origin-when-cross-origin\" allowfullscreen><\/iframe><\/div><\/div><div class=\"video-item\"><div class=\"video-container no-cover\"><iframe title=\"Esteworld Dental Lab | Smile Design\" width=\"400\" height=\"225\" src=\"https:\/\/www.youtube.com\/embed\/WtEqiCp7o1w?feature=oembed\" frameborder=\"0\" allow=\"accelerometer; autoplay; clipboard-write; encrypted-media; gyroscope; picture-in-picture; web-share\" referrerpolicy=\"strict-origin-when-cross-origin\" allowfullscreen><\/iframe><\/div><\/div><div class=\"video-item\"><div class=\"video-container no-cover\"><iframe title=\"Rhinoplasty Check- Up Day\" width=\"400\" height=\"225\" src=\"https:\/\/www.youtube.com\/embed\/-i5GaBUtg34?feature=oembed\" frameborder=\"0\" allow=\"accelerometer; autoplay; clipboard-write; encrypted-media; gyroscope; picture-in-picture; web-share\" referrerpolicy=\"strict-origin-when-cross-origin\" allowfullscreen><\/iframe><\/div><\/div><div class=\"video-item\"><div class=\"video-container no-cover\"><iframe title=\"Esteworld - Smile Design and Dental Treatments - Jennelee Frisk - DE\" width=\"400\" height=\"225\" src=\"https:\/\/www.youtube.com\/embed\/U89zgLFEsJs?feature=oembed\" frameborder=\"0\" allow=\"accelerometer; autoplay; clipboard-write; encrypted-media; gyroscope; picture-in-picture; web-share\" referrerpolicy=\"strict-origin-when-cross-origin\" allowfullscreen><\/iframe><\/div><\/div><div class=\"video-item\"><div class=\"video-container no-cover\"><iframe title=\"Valeria Romanova ile Plastik Cerrahi S\u00fcrecimiz\" width=\"400\" height=\"225\" src=\"https:\/\/www.youtube.com\/embed\/E2cqBRw8S8s?feature=oembed\" frameborder=\"0\" allow=\"accelerometer; autoplay; clipboard-write; encrypted-media; gyroscope; picture-in-picture; web-share\" referrerpolicy=\"strict-origin-when-cross-origin\" allowfullscreen><\/iframe><\/div><\/div><div class=\"video-item\"><div class=\"video-container no-cover\"><iframe title=\"ZIRCONIUM CROWNS \ud83e\uddb7\" width=\"400\" height=\"225\" src=\"https:\/\/www.youtube.com\/embed\/G5cHiJesOxg?feature=oembed\" frameborder=\"0\" allow=\"accelerometer; autoplay; clipboard-write; encrypted-media; gyroscope; picture-in-picture; web-share\" referrerpolicy=\"strict-origin-when-cross-origin\" allowfullscreen><\/iframe><\/div><\/div><div class=\"video-item\"><div class=\"video-container no-cover\"><iframe title=\"Are you ready for the change? \ud83c\udf1f\" width=\"400\" height=\"225\" src=\"https:\/\/www.youtube.com\/embed\/FHHmBG8zTAI?feature=oembed\" frameborder=\"0\" allow=\"accelerometer; autoplay; clipboard-write; encrypted-media; gyroscope; picture-in-picture; web-share\" referrerpolicy=\"strict-origin-when-cross-origin\" allowfullscreen><\/iframe><\/div><\/div><div class=\"video-item\"><div class=\"video-container no-cover\"><iframe title=\"Beauty that complements your personality.\" width=\"400\" height=\"225\" src=\"https:\/\/www.youtube.com\/embed\/mscn-l6RrJs?feature=oembed\" frameborder=\"0\" allow=\"accelerometer; autoplay; clipboard-write; encrypted-media; gyroscope; picture-in-picture; web-share\" referrerpolicy=\"strict-origin-when-cross-origin\" allowfullscreen><\/iframe><\/div><\/div><\/div>        <script>\n          document.addEventListener('DOMContentLoaded', function(){\n            document.querySelectorAll('.video-container.has-cover').forEach(function(el){\n              el.addEventListener('click', function(){\n                const src = el.getAttribute('data-video');\n                const iframe = document.createElement('iframe');\n                iframe.setAttribute('src', src);\n                iframe.setAttribute('frameborder','0');\n                iframe.setAttribute('allow','accelerometer; autoplay; clipboard-write; encrypted-media; gyroscope; picture-in-picture; web-share');\n                iframe.setAttribute('allowfullscreen','true');\n                iframe.style.width = '100%';\n                iframe.style.height = '225px';\n                iframe.style.borderRadius = '10px';\n                el.innerHTML = '';\n                el.appendChild(iframe);\n              });\n            });\n          });\n        <\/script>\n        \n<\/div>\n\t\t\t\t\t\t<\/div>\n\t\t\t\t<\/div>\n\t\t\t\t\t<\/div>\n\t\t\t\t<\/div>\n\t\t<div class=\"elementor-element elementor-element-3b847a5 e-flex e-con-boxed e-con e-parent\" data-id=\"3b847a5\" data-element_type=\"container\" data-e-type=\"container\" data-settings=\"{&quot;background_background&quot;:&quot;classic&quot;}\">\n\t\t\t\t\t<div class=\"e-con-inner\">\n\t\t\t\t<div class=\"elementor-element elementor-element-8e756da elementor-widget__width-inherit elementor-widget elementor-widget-template\" data-id=\"8e756da\" data-element_type=\"widget\" data-e-type=\"widget\" data-widget_type=\"template.default\">\n\t\t\t\t<div class=\"elementor-widget-container\">\n\t\t\t\t\t\t\t<div class=\"elementor-template\">\n\t\t\t\t\t<div data-elementor-type=\"container\" data-elementor-id=\"21663\" class=\"elementor elementor-21663 elementor-1670 elementor-1670\" data-elementor-post-type=\"elementor_library\">\n\t\t\t\t<div class=\"elementor-element elementor-element-6936dc9e e-flex e-con-boxed e-con e-parent\" data-id=\"6936dc9e\" data-element_type=\"container\" data-e-type=\"container\" data-settings=\"{&quot;background_background&quot;:&quot;classic&quot;}\">\n\t\t\t\t\t<div class=\"e-con-inner\">\n\t\t<div class=\"elementor-element elementor-element-67a08ace e-con-full e-flex e-con e-child\" data-id=\"67a08ace\" data-element_type=\"container\" data-e-type=\"container\">\n\t\t\t\t<div class=\"elementor-element elementor-element-6edcb99d elementor-widget elementor-widget-image\" data-id=\"6edcb99d\" data-element_type=\"widget\" data-e-type=\"widget\" data-widget_type=\"image.default\">\n\t\t\t\t<div class=\"elementor-widget-container\">\n\t\t\t\t\t\t\t\t\t\t\t\t\t\t\t<img decoding=\"async\" width=\"339\" height=\"29\" src=\"https:\/\/www.esteworldturkey.com\/wp-content\/uploads\/2023\/12\/gt-vector.svg\" class=\"attachment-large size-large wp-image-11795\" alt=\"\" title=\"\">\t\t\t\t\t\t\t\t\t\t\t\t\t\t\t<\/div>\n\t\t\t\t<\/div>\n\t\t\t\t<div class=\"elementor-element elementor-element-12e7568f elementor-widget elementor-widget-heading\" data-id=\"12e7568f\" data-element_type=\"widget\" data-e-type=\"widget\" data-widget_type=\"heading.default\">\n\t\t\t\t<div class=\"elementor-widget-container\">\n\t\t\t\t\t<div class=\"elementor-heading-title elementor-size-default\">DAS KRANKENHAUS, DAS SIE ZUM L\u00c4CHELN BRINGT<\/div>\t\t\t\t<\/div>\n\t\t\t\t<\/div>\n\t\t\t\t<div class=\"elementor-element elementor-element-4786d0af elementor-widget elementor-widget-heading\" data-id=\"4786d0af\" data-element_type=\"widget\" data-e-type=\"widget\" data-widget_type=\"heading.default\">\n\t\t\t\t<div class=\"elementor-widget-container\">\n\t\t\t\t\t<div class=\"elementor-heading-title elementor-size-default\">Wir erbringen Dienstleistungen mit hohem medizinischem Standard; wir bieten L\u00f6sungen in den Bereichen Haartransplantation, plastische Chirurgie, Langlebigkeit, Zahnmedizin und medizinische \u00c4sthetik mit unserem Fachpersonal.<\/div>\t\t\t\t<\/div>\n\t\t\t\t<\/div>\n\t\t\t\t<div class=\"elementor-element elementor-element-232bed76 elementor-widget elementor-widget-button\" data-id=\"232bed76\" data-element_type=\"widget\" data-e-type=\"widget\" data-widget_type=\"button.default\">\n\t\t\t\t<div class=\"elementor-widget-container\">\n\t\t\t\t\t\t\t\t\t<div class=\"elementor-button-wrapper\">\n\t\t\t\t\t<a class=\"elementor-button elementor-button-link elementor-size-sm\" href=\"https:\/\/www.esteworldturkey.com\/de\/ernennung\/\">\n\t\t\t\t\t\t<span class=\"elementor-button-content-wrapper\">\n\t\t\t\t\t\t<span class=\"elementor-button-icon\">\n\t\t\t\t<svg aria-hidden=\"true\" class=\"e-font-icon-svg e-fas-arrow-right\" viewBox=\"0 0 448 512\" xmlns=\"http:\/\/www.w3.org\/2000\/svg\"><path d=\"M190.5 66.9l22.2-22.2c9.4-9.4 24.6-9.4 33.9 0L441 239c9.4 9.4 9.4 24.6 0 33.9L246.6 467.3c-9.4 9.4-24.6 9.4-33.9 0l-22.2-22.2c-9.5-9.5-9.3-25 .4-34.3L311.4 296H24c-13.3 0-24-10.7-24-24v-32c0-13.3 10.7-24 24-24h287.4L190.9 101.2c-9.8-9.3-10-24.8-.4-34.3z\"><\/path><\/svg>\t\t\t<\/span>\n\t\t\t\t\t\t\t\t\t<span class=\"elementor-button-text\">Boka ett kostnadsfritt m\u00f6te<\/span>\n\t\t\t\t\t<\/span>\n\t\t\t\t\t<\/a>\n\t\t\t\t<\/div>\n\t\t\t\t\t\t\t\t<\/div>\n\t\t\t\t<\/div>\n\t\t\t\t<\/div>\n\t\t<div class=\"elementor-element elementor-element-18c966e2 e-con-full e-flex e-con e-child\" data-id=\"18c966e2\" data-element_type=\"container\" data-e-type=\"container\">\n\t\t\t\t<div class=\"elementor-element elementor-element-117852c0 elementor-widget elementor-widget-image\" data-id=\"117852c0\" data-element_type=\"widget\" data-e-type=\"widget\" data-widget_type=\"image.default\">\n\t\t\t\t<div class=\"elementor-widget-container\">\n\t\t\t\t\t\t\t\t\t\t\t\t\t\t\t<img fetchpriority=\"high\" decoding=\"async\" width=\"800\" height=\"477\" src=\"https:\/\/www.esteworldturkey.com\/wp-content\/uploads\/2024\/01\/ygh-1-1024x610.png\" class=\"attachment-large size-large wp-image-21666\" alt=\"\" srcset=\"https:\/\/www.esteworldturkey.com\/wp-content\/uploads\/2024\/01\/ygh-1-1024x610.png 1024w, https:\/\/www.esteworldturkey.com\/wp-content\/uploads\/2024\/01\/ygh-1-300x179.png 300w, https:\/\/www.esteworldturkey.com\/wp-content\/uploads\/2024\/01\/ygh-1-768x458.png 768w, https:\/\/www.esteworldturkey.com\/wp-content\/uploads\/2024\/01\/ygh-1.png 1049w\" sizes=\"(max-width: 800px) 100vw, 800px\" title=\"\">\t\t\t\t\t\t\t\t\t\t\t\t\t\t\t<\/div>\n\t\t\t\t<\/div>\n\t\t\t\t<\/div>\n\t\t\t\t\t<\/div>\n\t\t\t\t<\/div>\n\t\t\t\t<\/div>\n\t\t\t\t<\/div>\n\t\t\t\t\t\t<\/div>\n\t\t\t\t<\/div>\n\t\t\t\t\t<\/div>\n\t\t\t\t<\/div>\n\t\t\t\t<\/div>\n\t\t","protected":false},"excerpt":{"rendered":"<p>VIDEO-GALERIE<\/p>\n","protected":false},"author":8,"featured_media":0,"parent":0,"menu_order":0,"comment_status":"closed","ping_status":"closed","template":"elementor_header_footer","meta":{"_acf_changed":false,"footnotes":""},"class_list":["post-20190","page","type-page","status-publish","hentry"],"acf":[],"_links":{"self":[{"href":"https:\/\/www.esteworldturkey.com\/de\/wp-json\/wp\/v2\/pages\/20190","targetHints":{"allow":["GET"]}}],"collection":[{"href":"https:\/\/www.esteworldturkey.com\/de\/wp-json\/wp\/v2\/pages"}],"about":[{"href":"https:\/\/www.esteworldturkey.com\/de\/wp-json\/wp\/v2\/types\/page"}],"author":[{"embeddable":true,"href":"https:\/\/www.esteworldturkey.com\/de\/wp-json\/wp\/v2\/users\/8"}],"replies":[{"embeddable":true,"href":"https:\/\/www.esteworldturkey.com\/de\/wp-json\/wp\/v2\/comments?post=20190"}],"version-history":[{"count":30,"href":"https:\/\/www.esteworldturkey.com\/de\/wp-json\/wp\/v2\/pages\/20190\/revisions"}],"predecessor-version":[{"id":35509,"href":"https:\/\/www.esteworldturkey.com\/de\/wp-json\/wp\/v2\/pages\/20190\/revisions\/35509"}],"wp:attachment":[{"href":"https:\/\/www.esteworldturkey.com\/de\/wp-json\/wp\/v2\/media?parent=20190"}],"curies":[{"name":"wp","href":"https:\/\/api.w.org\/{rel}","templated":true}]}}